{"id":1921,"date":"2025-04-22T14:21:42","date_gmt":"2025-04-22T14:21:42","guid":{"rendered":"https:\/\/hogarcaotico.com\/?page_id=1921"},"modified":"2025-04-22T16:00:12","modified_gmt":"2025-04-22T16:00:12","slug":"aviso-legal-impressum","status":"publish","type":"page","link":"https:\/\/hogarcaotico.com\/en\/aviso-legal-impressum\/","title":{"rendered":"Aviso Legal \/ Impressum"},"content":{"rendered":"<h1 class=\"wp-block-heading\">Aviso Legal<\/h1>\n\n\n\n<p><strong>Informaci\u00f3n general<\/strong><\/p>\n\n\n\n<p>Este sitio web ha sido creado y es gestionado por <strong>Maribel<\/strong>, autora del blog <em>Hogar Ca\u00f3tico<\/em> (<a class=\"\" href=\"https:\/\/hogarcaotico.com\/en\/\">https:\/\/hogarcaotico.com\/<\/a>), con fines informativos, creativos y de entretenimiento.<\/p>\n\n\n\n<p><strong>Correo de contacto:<\/strong> <a class=\"\">admi@hogarcaotico.com<\/a><br><strong>Residencia:<\/strong> Austria<\/p>\n\n\n\n<hr class=\"wp-block-separator has-alpha-channel-opacity\"\/>\n\n\n\n<p><strong>Responsabilidad sobre los contenidos<\/strong><\/p>\n\n\n\n<p>Los contenidos de este sitio se elaboran con fines informativos y con la mejor intenci\u00f3n de ofrecer consejos y experiencias en decoraci\u00f3n, bricolaje y reformas. Sin embargo, no se garantiza la exactitud, integridad o actualidad de la informaci\u00f3n ofrecida. El uso de la informaci\u00f3n proporcionada en el sitio es responsabilidad exclusiva del usuario.<\/p>\n\n\n\n<hr class=\"wp-block-separator has-alpha-channel-opacity\"\/>\n\n\n\n<p><strong>Enlaces externos<\/strong><\/p>\n\n\n\n<p>Este sitio puede contener enlaces a sitios web de terceros. No tengo control sobre el contenido de esos sitios ni asumo responsabilidad por ellos.<\/p>\n\n\n\n<hr class=\"wp-block-separator has-alpha-channel-opacity\"\/>\n\n\n\n<p><strong>Derechos de autor<\/strong><\/p>\n\n\n\n<p>Todos los textos, im\u00e1genes, gr\u00e1ficos y contenidos del blog son propiedad de Maribel, salvo que se indique lo contrario. Queda prohibida la reproducci\u00f3n, distribuci\u00f3n o uso con fines comerciales sin autorizaci\u00f3n previa por escrito.<\/p>\n\n\n\n<hr class=\"wp-block-separator has-alpha-channel-opacity\"\/>\n\n\n\n<p><strong>Publicidad y afiliaci\u00f3n<\/strong><\/p>\n\n\n\n<p>Este sitio puede incluir contenido patrocinado, enlaces de afiliados o espacios publicitarios en el futuro. Dichos contenidos estar\u00e1n debidamente identificados y se seguir\u00e1n las obligaciones legales vigentes en Austria en materia de publicidad.<\/p>\n\n\n\n<hr class=\"wp-block-separator has-alpha-channel-opacity\"\/>\n\n\n\n<p><strong>Resoluci\u00f3n de conflictos<\/strong><\/p>\n\n\n\n<p>Los usuarios que residan en la Uni\u00f3n Europea tienen derecho a resolver conflictos a trav\u00e9s de la plataforma de resoluci\u00f3n de litigios en l\u00ednea de la UE: <a class=\"\" href=\"https:\/\/ec.europa.eu\/consumers\/odr\">https:\/\/ec.europa.eu\/consumers\/odr<\/a><\/p>\n\n\n\n<hr class=\"wp-block-separator has-alpha-channel-opacity\"\/>\n\n\n\n<p><strong>Modificaciones<\/strong><\/p>\n\n\n\n<p>El titular se reserva el derecho de modificar este Aviso Legal en cualquier momento, especialmente si se introducen nuevas funcionalidades o servicios en el sitio web.<\/p>\n\n\n\n<p><\/p>","protected":false},"excerpt":{"rendered":"<p>Aviso Legal Informaci\u00f3n general Este sitio web ha sido creado y es gestionado por Maribel, autora del blog Hogar Ca\u00f3tico (https:\/\/hogarcaotico.com\/), con fines informativos, creativos y de entretenimiento. Correo de contacto: admi@hogarcaotico.comResidencia: Austria Responsabilidad sobre los contenidos Los contenidos de este sitio se elaboran con fines informativos y con la mejor intenci\u00f3n de ofrecer consejos [&hellip;]<\/p>\n","protected":false},"author":1,"featured_media":0,"parent":0,"menu_order":0,"comment_status":"closed","ping_status":"closed","template":"","meta":{"_uag_custom_page_level_css":"","site-sidebar-layout":"default","site-content-layout":"","ast-site-content-layout":"default","site-content-style":"default","site-sidebar-style":"default","ast-global-header-display":"","ast-banner-title-visibility":"","ast-main-header-display":"","ast-hfb-above-header-display":"","ast-hfb-below-header-display":"","ast-hfb-mobile-header-display":"","site-post-title":"","ast-breadcrumbs-content":"","ast-featured-img":"","footer-sml-layout":"","theme-transparent-header-meta":"","adv-header-id-meta":"","stick-header-meta":"","header-above-stick-meta":"","header-main-stick-meta":"","header-below-stick-meta":"","astra-migrate-meta-layouts":"set","ast-page-background-enabled":"default","ast-page-background-meta":{"desktop":{"background-color":"var(--ast-global-color-4)","background-image":"","background-repeat":"repeat","background-position":"center center","background-size":"auto","background-attachment":"scroll","background-type":"","background-media":"","overlay-type":"","overlay-color":"","overlay-opacity":"","overlay-gradient":""},"tablet":{"background-color":"","background-image":"","background-repeat":"repeat","background-position":"center center","background-size":"auto","background-attachment":"scroll","background-type":"","background-media":"","overlay-type":"","overlay-color":"","overlay-opacity":"","overlay-gradient":""},"mobile":{"background-color":"","background-image":"","background-repeat":"repeat","background-position":"center center","background-size":"auto","background-attachment":"scroll","background-type":"","background-media":"","overlay-type":"","overlay-color":"","overlay-opacity":"","overlay-gradient":""}},"ast-content-background-meta":{"desktop":{"background-color":"var(--ast-global-color-5)","background-image":"","background-repeat":"repeat","background-position":"center center","background-size":"auto","background-attachment":"scroll","background-type":"","background-media":"","overlay-type":"","overlay-color":"","overlay-opacity":"","overlay-gradient":""},"tablet":{"background-color":"var(--ast-global-color-5)","background-image":"","background-repeat":"repeat","background-position":"center center","background-size":"auto","background-attachment":"scroll","background-type":"","background-media":"","overlay-type":"","overlay-color":"","overlay-opacity":"","overlay-gradient":""},"mobile":{"background-color":"var(--ast-global-color-5)","background-image":"","background-repeat":"repeat","background-position":"center center","background-size":"auto","background-attachment":"scroll","background-type":"","background-media":"","overlay-type":"","overlay-color":"","overlay-opacity":"","overlay-gradient":""}},"footnotes":""},"class_list":["post-1921","page","type-page","status-publish","hentry"],"yoast_head":"<!-- This site is optimized with the Yoast SEO plugin v27.1.1 - https:\/\/yoast.com\/product\/yoast-seo-wordpress\/ -->\n<title>Aviso Legal \/ Impressum - Hogar Ca\u00f3tico | Blog de decoraci\u00f3n, reformas low cost y DIY con humor<\/title>\n<meta name=\"robots\" content=\"index, follow, max-snippet:-1, max-image-preview:large, max-video-preview:-1\" \/>\n<link rel=\"canonical\" href=\"https:\/\/hogarcaotico.com\/en\/aviso-legal-impressum\/\" \/>\n<meta property=\"og:locale\" content=\"en_US\" \/>\n<meta property=\"og:type\" content=\"article\" \/>\n<meta property=\"og:title\" content=\"Aviso Legal \/ Impressum - Hogar Ca\u00f3tico | Blog de decoraci\u00f3n, reformas low cost y DIY con humor\" \/>\n<meta property=\"og:description\" content=\"Aviso Legal Informaci\u00f3n general Este sitio web ha sido creado y es gestionado por Maribel, autora del blog Hogar Ca\u00f3tico (https:\/\/hogarcaotico.com\/), con fines informativos, creativos y de entretenimiento. Correo de contacto: admi@hogarcaotico.comResidencia: Austria Responsabilidad sobre los contenidos Los contenidos de este sitio se elaboran con fines informativos y con la mejor intenci\u00f3n de ofrecer consejos [&hellip;]\" \/>\n<meta property=\"og:url\" content=\"https:\/\/hogarcaotico.com\/en\/aviso-legal-impressum\/\" \/>\n<meta property=\"og:site_name\" content=\"Hogar Ca\u00f3tico | Blog de decoraci\u00f3n, reformas low cost y DIY con humor\" \/>\n<meta property=\"article:publisher\" content=\"https:\/\/www.facebook.com\/profile.php?id=61574859782565\" \/>\n<meta property=\"article:modified_time\" content=\"2025-04-22T16:00:12+00:00\" \/>\n<meta name=\"twitter:card\" content=\"summary_large_image\" \/>\n<meta name=\"twitter:label1\" content=\"Est. reading time\" \/>\n\t<meta name=\"twitter:data1\" content=\"1 minute\" \/>\n<script type=\"application\/ld+json\" class=\"yoast-schema-graph\">{\"@context\":\"https:\/\/schema.org\",\"@graph\":[{\"@type\":\"WebPage\",\"@id\":\"https:\/\/hogarcaotico.com\/aviso-legal-impressum\/\",\"url\":\"https:\/\/hogarcaotico.com\/aviso-legal-impressum\/\",\"name\":\"Aviso Legal \/ Impressum - Hogar Ca\u00f3tico | Blog de decoraci\u00f3n, reformas low cost y DIY con humor\",\"isPartOf\":{\"@id\":\"https:\/\/hogarcaotico.com\/#website\"},\"datePublished\":\"2025-04-22T14:21:42+00:00\",\"dateModified\":\"2025-04-22T16:00:12+00:00\",\"breadcrumb\":{\"@id\":\"https:\/\/hogarcaotico.com\/aviso-legal-impressum\/#breadcrumb\"},\"inLanguage\":\"en-US\",\"potentialAction\":[{\"@type\":\"ReadAction\",\"target\":[\"https:\/\/hogarcaotico.com\/aviso-legal-impressum\/\"]}]},{\"@type\":\"BreadcrumbList\",\"@id\":\"https:\/\/hogarcaotico.com\/aviso-legal-impressum\/#breadcrumb\",\"itemListElement\":[{\"@type\":\"ListItem\",\"position\":1,\"name\":\"Portada\",\"item\":\"https:\/\/hogarcaotico.com\/\"},{\"@type\":\"ListItem\",\"position\":2,\"name\":\"Aviso Legal \/ Impressum\"}]},{\"@type\":\"WebSite\",\"@id\":\"https:\/\/hogarcaotico.com\/#website\",\"url\":\"https:\/\/hogarcaotico.com\/\",\"name\":\"Hogar Ca\u00f3tico | Blog de decoraci\u00f3n, reformas low cost y DIY con humor\",\"description\":\"Decoraci\u00f3n y reformas DIY con humor para sobrevivir al gotel\u00e9. Ideas vintage y modernas para transformar tu hogar sin arruinarte.\",\"publisher\":{\"@id\":\"https:\/\/hogarcaotico.com\/#\/schema\/person\/054948c39b7032cb5f88865a098eb8df\"},\"potentialAction\":[{\"@type\":\"SearchAction\",\"target\":{\"@type\":\"EntryPoint\",\"urlTemplate\":\"https:\/\/hogarcaotico.com\/?s={search_term_string}\"},\"query-input\":{\"@type\":\"PropertyValueSpecification\",\"valueRequired\":true,\"valueName\":\"search_term_string\"}}],\"inLanguage\":\"en-US\"},{\"@type\":[\"Person\",\"Organization\"],\"@id\":\"https:\/\/hogarcaotico.com\/#\/schema\/person\/054948c39b7032cb5f88865a098eb8df\",\"name\":\"Creadora del caos\",\"image\":{\"@type\":\"ImageObject\",\"inLanguage\":\"en-US\",\"@id\":\"https:\/\/hogarcaotico.com\/#\/schema\/person\/image\/\",\"url\":\"https:\/\/hogarcaotico.com\/wp-content\/uploads\/2025\/04\/1000062968-removebg-preview.webp\",\"contentUrl\":\"https:\/\/hogarcaotico.com\/wp-content\/uploads\/2025\/04\/1000062968-removebg-preview.webp\",\"width\":500,\"height\":500,\"caption\":\"Creadora del caos\"},\"logo\":{\"@id\":\"https:\/\/hogarcaotico.com\/#\/schema\/person\/image\/\"},\"description\":\"Soy la Creadora del caos detr\u00e1s de Hogar Ca\u00f3tico. Apasionada del DIY, la decoraci\u00f3n vintage y las reformas con humor. En este blog comparto ideas para transformar tu hogar sin arruinarte (ni perder la sonrisa).\",\"sameAs\":[\"http:\/\/hogarcaotico.com\",\"https:\/\/www.facebook.com\/profile.php?id=61574859782565\",\"https:\/\/es.pinterest.com\/HogarCaotico\/\"]}]}<\/script>\n<!-- \/ Yoast SEO plugin. -->","yoast_head_json":{"title":"Aviso Legal \/ Impressum - Hogar Ca\u00f3tico | Blog de decoraci\u00f3n, reformas low cost y DIY con humor","robots":{"index":"index","follow":"follow","max-snippet":"max-snippet:-1","max-image-preview":"max-image-preview:large","max-video-preview":"max-video-preview:-1"},"canonical":"https:\/\/hogarcaotico.com\/en\/aviso-legal-impressum\/","og_locale":"en_US","og_type":"article","og_title":"Aviso Legal \/ Impressum - Hogar Ca\u00f3tico | Blog de decoraci\u00f3n, reformas low cost y DIY con humor","og_description":"Aviso Legal Informaci\u00f3n general Este sitio web ha sido creado y es gestionado por Maribel, autora del blog Hogar Ca\u00f3tico (https:\/\/hogarcaotico.com\/), con fines informativos, creativos y de entretenimiento. Correo de contacto: admi@hogarcaotico.comResidencia: Austria Responsabilidad sobre los contenidos Los contenidos de este sitio se elaboran con fines informativos y con la mejor intenci\u00f3n de ofrecer consejos [&hellip;]","og_url":"https:\/\/hogarcaotico.com\/en\/aviso-legal-impressum\/","og_site_name":"Hogar Ca\u00f3tico | Blog de decoraci\u00f3n, reformas low cost y DIY con humor","article_publisher":"https:\/\/www.facebook.com\/profile.php?id=61574859782565","article_modified_time":"2025-04-22T16:00:12+00:00","twitter_card":"summary_large_image","twitter_misc":{"Est. reading time":"1 minute"},"schema":{"@context":"https:\/\/schema.org","@graph":[{"@type":"WebPage","@id":"https:\/\/hogarcaotico.com\/aviso-legal-impressum\/","url":"https:\/\/hogarcaotico.com\/aviso-legal-impressum\/","name":"Aviso Legal \/ Impressum - Hogar Ca\u00f3tico | Blog de decoraci\u00f3n, reformas low cost y DIY con humor","isPartOf":{"@id":"https:\/\/hogarcaotico.com\/#website"},"datePublished":"2025-04-22T14:21:42+00:00","dateModified":"2025-04-22T16:00:12+00:00","breadcrumb":{"@id":"https:\/\/hogarcaotico.com\/aviso-legal-impressum\/#breadcrumb"},"inLanguage":"en-US","potentialAction":[{"@type":"ReadAction","target":["https:\/\/hogarcaotico.com\/aviso-legal-impressum\/"]}]},{"@type":"BreadcrumbList","@id":"https:\/\/hogarcaotico.com\/aviso-legal-impressum\/#breadcrumb","itemListElement":[{"@type":"ListItem","position":1,"name":"Portada","item":"https:\/\/hogarcaotico.com\/"},{"@type":"ListItem","position":2,"name":"Aviso Legal \/ Impressum"}]},{"@type":"WebSite","@id":"https:\/\/hogarcaotico.com\/#website","url":"https:\/\/hogarcaotico.com\/","name":"Hogar Ca\u00f3tico | Blog de decoraci\u00f3n, reformas low cost y DIY con humor","description":"Decoraci\u00f3n y reformas DIY con humor para sobrevivir al gotel\u00e9. Ideas vintage y modernas para transformar tu hogar sin arruinarte.","publisher":{"@id":"https:\/\/hogarcaotico.com\/#\/schema\/person\/054948c39b7032cb5f88865a098eb8df"},"potentialAction":[{"@type":"SearchAction","target":{"@type":"EntryPoint","urlTemplate":"https:\/\/hogarcaotico.com\/?s={search_term_string}"},"query-input":{"@type":"PropertyValueSpecification","valueRequired":true,"valueName":"search_term_string"}}],"inLanguage":"en-US"},{"@type":["Person","Organization"],"@id":"https:\/\/hogarcaotico.com\/#\/schema\/person\/054948c39b7032cb5f88865a098eb8df","name":"Creadora del caos","image":{"@type":"ImageObject","inLanguage":"en-US","@id":"https:\/\/hogarcaotico.com\/#\/schema\/person\/image\/","url":"https:\/\/hogarcaotico.com\/wp-content\/uploads\/2025\/04\/1000062968-removebg-preview.webp","contentUrl":"https:\/\/hogarcaotico.com\/wp-content\/uploads\/2025\/04\/1000062968-removebg-preview.webp","width":500,"height":500,"caption":"Creadora del caos"},"logo":{"@id":"https:\/\/hogarcaotico.com\/#\/schema\/person\/image\/"},"description":"Soy la Creadora del caos detr\u00e1s de Hogar Ca\u00f3tico. Apasionada del DIY, la decoraci\u00f3n vintage y las reformas con humor. En este blog comparto ideas para transformar tu hogar sin arruinarte (ni perder la sonrisa).","sameAs":["http:\/\/hogarcaotico.com","https:\/\/www.facebook.com\/profile.php?id=61574859782565","https:\/\/es.pinterest.com\/HogarCaotico\/"]}]}},"uagb_featured_image_src":{"full":false,"thumbnail":false,"medium":false,"medium_large":false,"large":false,"1536x1536":false,"2048x2048":false,"trp-custom-language-flag":false},"uagb_author_info":{"display_name":"Creadora del caos","author_link":"https:\/\/hogarcaotico.com\/en\/author\/maribel\/"},"uagb_comment_info":0,"uagb_excerpt":"Aviso Legal Informaci\u00f3n general Este sitio web ha sido creado y es gestionado por Maribel, autora del blog Hogar Ca\u00f3tico (https:\/\/hogarcaotico.com\/), con fines informativos, creativos y de entretenimiento. Correo de contacto: admi@hogarcaotico.comResidencia: Austria Responsabilidad sobre los contenidos Los contenidos de este sitio se elaboran con fines informativos y con la mejor intenci\u00f3n de ofrecer consejos&hellip;","_links":{"self":[{"href":"https:\/\/hogarcaotico.com\/en\/wp-json\/wp\/v2\/pages\/1921","targetHints":{"allow":["GET"]}}],"collection":[{"href":"https:\/\/hogarcaotico.com\/en\/wp-json\/wp\/v2\/pages"}],"about":[{"href":"https:\/\/hogarcaotico.com\/en\/wp-json\/wp\/v2\/types\/page"}],"author":[{"embeddable":true,"href":"https:\/\/hogarcaotico.com\/en\/wp-json\/wp\/v2\/users\/1"}],"replies":[{"embeddable":true,"href":"https:\/\/hogarcaotico.com\/en\/wp-json\/wp\/v2\/comments?post=1921"}],"version-history":[{"count":2,"href":"https:\/\/hogarcaotico.com\/en\/wp-json\/wp\/v2\/pages\/1921\/revisions"}],"predecessor-version":[{"id":1933,"href":"https:\/\/hogarcaotico.com\/en\/wp-json\/wp\/v2\/pages\/1921\/revisions\/1933"}],"wp:attachment":[{"href":"https:\/\/hogarcaotico.com\/en\/wp-json\/wp\/v2\/media?parent=1921"}],"curies":[{"name":"wp","href":"https:\/\/api.w.org\/{rel}","templated":true}]}}